{"id":574,"date":"2024-11-08T12:59:42","date_gmt":"2024-11-08T12:59:42","guid":{"rendered":"https:\/\/hltbuch.ch\/?product=vintage-typewriter"},"modified":"2024-11-29T08:37:31","modified_gmt":"2024-11-29T08:37:31","slug":"die-priestertums-macht-der-frauen","status":"publish","type":"product","link":"https:\/\/hltbuch.ch\/?product=die-priestertums-macht-der-frauen","title":{"rendered":"Die Priestertumsmacht der Frauen"},"content":{"rendered":"<h4>Die deutsche Ausgabe<\/h4>\n<section class=\"elementor-section elementor-inner-section elementor-element elementor-element-9d73d57 elementor-section-boxed elementor-section-height-default elementor-section-height-default\" data-id=\"9d73d57\" data-element_type=\"section\">\n<div class=\"elementor-container elementor-column-gap-default\">\n<div class=\"elementor-column elementor-col-50 elementor-inner-column elementor-element elementor-element-4002fb5\" data-id=\"4002fb5\" data-element_type=\"column\">\n<div class=\"elementor-widget-wrap elementor-element-populated\">\n<div class=\"elementor-element elementor-element-c3041b9 elementor-widget elementor-widget-image\" data-id=\"c3041b9\" data-element_type=\"widget\" data-widget_type=\"image.default\">\n<div class=\"elementor-widget-container\"><img decoding=\"async\" title=\"CG\" src=\"https:\/\/alles-neu.org\/wp-content\/uploads\/elementor\/thumbs\/CG-1-q7bdy11kld214g2fr9vxr4l6vkymx1cl79wakf7n9y.png\" alt=\"CG\" \/><\/div>\n<\/div>\n<div class=\"elementor-element elementor-element-1637900 elementor-widget elementor-widget-text-editor\" data-id=\"1637900\" data-element_type=\"widget\" data-widget_type=\"text-editor.default\">\n<div class=\"elementor-widget-container\">\n<h3>Cornelia Gantner<br \/>\n\u00dcbersetzerin und Verlegerin \u00abDie Priestertumsmacht der Frauen\u00bb<\/h3>\n<\/div>\n<\/div>\n<\/div>\n<\/div>\n<div class=\"elementor-column elementor-col-50 elementor-inner-column elementor-element elementor-element-0e2fd14\" data-id=\"0e2fd14\" data-element_type=\"column\">\n<div class=\"elementor-widget-wrap elementor-element-populated\">\n<div class=\"elementor-element elementor-element-c003d85 elementor-widget__width-initial elementor-widget elementor-widget-text-editor\" data-id=\"c003d85\" data-element_type=\"widget\" data-widget_type=\"text-editor.default\">\n<div class=\"elementor-widget-container\">\n<p>Mit ihrem Buch \u00abDie Priestertumsmacht der Frauen\u00bb hat Barbara Morgan Gardner mich auf einen Weg geschickt. Den Weg zu mehr bewusst angewandter Priestertumsmacht in meinem Leben.<br \/>\nPr\u00e4sident Nelson hat die Mitglieder der Kirche Jesu Christi der Heiligen der Letzten Tage mehrfach eingeladen, mehr \u00fcber das Priestertum zu lernen. Nachdem ich mit meinem pers\u00f6nlichen Studium bald einmal anstand, kam mir Gardners Buch sehr gelegen. Es hat mein Verst\u00e4ndnis des Priestertums in einem Masse erweitert, wie ich es nicht f\u00fcr m\u00f6glich gehalten h\u00e4tte. Meisterhaft f\u00fcgt die Autorin Belehrungen von Propheten und Aposteln der letzten Jahre zu einem grossen Bild zusammen, welches mich nachhaltig gepr\u00e4gt hat. Nicht nur aber insbesondere f\u00fcr mich als Frau ist diese erweiterte Erkenntnis \u00fcber die Macht Gottes von unsch\u00e4tzbarem Wert.<\/p>\n<p>Auf dass dieses Buch auch M\u00e4nner und Frauen im deutschsprachigen Raum motivieren m\u00f6ge, die ihnen zur Verf\u00fcgung stehende Priestertumsmacht in gr\u00f6sserem Masse zu aktivieren,<\/p>\n<p>Eure\u00a0Cornelia<\/p>\n<\/div>\n<\/div>\n<\/div>\n<\/div>\n<\/div>\n<\/section>\n","protected":false},"excerpt":{"rendered":"<p class=\"wp-block-heading has-large-font-size\">Was Propheten und Apostel in den letzten Jahren \u00fcber Priestertumsmacht im Tempel, in der Kirche und in der Familie\u00a0gelehrt\u00a0haben<\/p>\n","protected":false},"featured_media":592,"comment_status":"open","ping_status":"closed","template":"","meta":[],"product_brand":[],"product_cat":[17],"product_tag":[],"class_list":{"0":"post-574","1":"product","2":"type-product","3":"status-publish","4":"has-post-thumbnail","6":"product_cat-buecher","7":"product_shipping_class-mehrere-buecher","9":"first","10":"instock","11":"shipping-taxable","12":"purchasable","13":"product-type-simple"},"jetpack_sharing_enabled":true,"_links":{"self":[{"href":"https:\/\/hltbuch.ch\/index.php?rest_route=\/wp\/v2\/product\/574","targetHints":{"allow":["GET"]}}],"collection":[{"href":"https:\/\/hltbuch.ch\/index.php?rest_route=\/wp\/v2\/product"}],"about":[{"href":"https:\/\/hltbuch.ch\/index.php?rest_route=\/wp\/v2\/types\/product"}],"replies":[{"embeddable":true,"href":"https:\/\/hltbuch.ch\/index.php?rest_route=%2Fwp%2Fv2%2Fcomments&post=574"}],"wp:featuredmedia":[{"embeddable":true,"href":"https:\/\/hltbuch.ch\/index.php?rest_route=\/wp\/v2\/media\/592"}],"wp:attachment":[{"href":"https:\/\/hltbuch.ch\/index.php?rest_route=%2Fwp%2Fv2%2Fmedia&parent=574"}],"wp:term":[{"taxonomy":"product_brand","embeddable":true,"href":"https:\/\/hltbuch.ch\/index.php?rest_route=%2Fwp%2Fv2%2Fproduct_brand&post=574"},{"taxonomy":"product_cat","embeddable":true,"href":"https:\/\/hltbuch.ch\/index.php?rest_route=%2Fwp%2Fv2%2Fproduct_cat&post=574"},{"taxonomy":"product_tag","embeddable":true,"href":"https:\/\/hltbuch.ch\/index.php?rest_route=%2Fwp%2Fv2%2Fproduct_tag&post=574"}],"curies":[{"name":"wp","href":"https:\/\/api.w.org\/{rel}","templated":true}]}}